{"id":4322,"date":"2020-04-02T10:39:21","date_gmt":"2020-04-02T10:39:21","guid":{"rendered":"https:\/\/www.kvetinynaorechovce.cz\/produkt\/import-placeholder-for-4320\/"},"modified":"2020-04-02T20:35:59","modified_gmt":"2020-04-02T20:35:59","slug":"zluta-ruze","status":"publish","type":"product","link":"https:\/\/www.kvetinynaorechovce.cz\/en\/produkt\/zluta-ruze\/","title":{"rendered":"\u017dlut\u00e1 r\u016f\u017ee"},"content":{"rendered":"","protected":false},"excerpt":{"rendered":"","protected":false},"featured_media":4285,"template":"","meta":[],"class_list":["post-4322","product","type-product","status-publish","has-post-thumbnail","hentry","product_cat-nezarazene"],"_links":{"self":[{"href":"https:\/\/www.kvetinynaorechovce.cz\/en\/wp-json\/wp\/v2\/product\/4322","targetHints":{"allow":["GET"]}}],"collection":[{"href":"https:\/\/www.kvetinynaorechovce.cz\/en\/wp-json\/wp\/v2\/product"}],"about":[{"href":"https:\/\/www.kvetinynaorechovce.cz\/en\/wp-json\/wp\/v2\/types\/product"}],"wp:featuredmedia":[{"embeddable":true,"href":"https:\/\/www.kvetinynaorechovce.cz\/en\/wp-json\/wp\/v2\/media\/4285"}],"wp:attachment":[{"href":"https:\/\/www.kvetinynaorechovce.cz\/en\/wp-json\/wp\/v2\/media?parent=4322"}],"curies":[{"name":"wp","href":"https:\/\/api.w.org\/{rel}","templated":true}]}}