{"id":2897,"date":"2016-08-26T14:10:46","date_gmt":"2016-08-26T14:10:46","guid":{"rendered":"http:\/\/rhythmwp.staging.wpengine.com\/presto\/?page_id=2897"},"modified":"2016-08-26T14:10:46","modified_gmt":"2016-08-26T14:10:46","slug":"mp-bg-video-local","status":"publish","type":"page","link":"https:\/\/www.kvetinynaorechovce.cz\/en\/mp-bg-video-local\/","title":{"rendered":"MP Bg video local"},"content":{"rendered":"<section  class=\"content-section full-width is-fluid cover rella-no-padding rella-no-margin    content-section-69f38ddbb4653\"><div class=\"row vc_row-fluid\"><div class=\"wpb_column col-md-12\"><section class=\"home-section bg-dark-alfa-50\"  data-background=https:\/\/www.kvetinynaorechovce.cz\/wp-content\/uploads\/2015\/06\/feature-3.png id=\"home\"><div class=\"js-height-full container\"><div class=\"bg-video-wrapper\"data-poster=\"https:\/\/www.kvetinynaorechovce.cz\/wp-content\/uploads\/2015\/06\/feature-3\"data-mp4=\"http:\/\/rhythmwp.staging.wpengine.com\/wp-content\/uploads\/2015\/05\/video\"data-ogv=\"http:\/\/rhythmwp.staging.wpengine.com\/wp-content\/uploads\/2015\/05\/video\"data-webm=\"http:\/\/rhythmwp.staging.wpengine.com\/wp-content\/uploads\/2015\/05\/video\"data-poster-type=\"png\"data-muted=\"true\"data-autoplay=\"true\"><div class=\"bg-video-overlay bg-dark-alfa-50\"><\/div><\/div><div class=\"home-content\"><div class=\"home-text\"><h1 class=\"hs-line-18\" style=\"color:#ffffff;\">Brilliant experience with creative people<\/h1><h2 class=\"hs-line-19\" style=\"color:#ffffff;\">Presto Creative Agency<\/h2><div class=\"local-scroll\"><a href=\"#about\" title=\"button\" target=\"_self\" class=\"btn btn-mod btn-w btn-round btn-large btn-large-alt\">Discover Now<\/a><\/div<\/div><\/div><div class=\"local-scroll\"><a href=\"#about\" title=\"Test\" target=\"_self\" class=\"scroll-down scroll-down-style2\"><i class=\"fa fa-angle-down scroll-down-icon\"><\/i><\/a><\/div><\/div><\/section><\/div><\/div><\/section><section  id=\"about\" class=\"content-section full-width with-col cover custom-padding rella-no-margin    content-section-69f38ddbb4e9b\"><div class=\"row vc_row-fluid\"><div class=\"wpb_column col-md-5\"><div class=\"section-text text-block align-left\" ><h2>We are a full service digital agency, producing amazing results for our clients<\/h2>\n<p>Duis sodales, metus a egestas feugiat, elit sem dapibus arcuderro, semper ultricies augue massa non leo. Morbi leo metus, euismod in felis at, consequat iaculis ex.<\/p>\n<p><a class=\"section-more section-more-style2\" href=\"#\">Learn More <i class=\"fa fa-caret-right\"><\/i><\/a><\/p>\n<\/div><\/div><div class=\"wpb_column col-md-6 col-md-offset-1\"><\/div><\/div><\/section><section  class=\"content-section full-width is-fluid cover rella-no-padding rella-no-margin    content-section-69f38ddbb5364\"><div class=\"row vc_row-fluid\"><div class=\"wpb_column col-md-12\"><div class=\" image-carousel-items-5 bg-dark image-carousel-items-5\"  ><div><div class=\"post-prev-img mb-0\"><a href=\"\" class=\"lightbox-gallery-2 mfp-image\"><img decoding=\"async\" src=\"\" alt=\"\" \/><\/a><\/div><\/div><div><div class=\"post-prev-img mb-0\"><a href=\"\" class=\"lightbox-gallery-2 mfp-image\"><img decoding=\"async\" src=\"\" alt=\"\" \/><\/a><\/div><\/div><div><div class=\"post-prev-img mb-0\"><a href=\"\" class=\"lightbox-gallery-2 mfp-image\"><img decoding=\"async\" src=\"\" alt=\"\" \/><\/a><\/div><\/div><div><div class=\"post-prev-img mb-0\"><a href=\"\" class=\"lightbox-gallery-2 mfp-image\"><img decoding=\"async\" src=\"\" alt=\"\" \/><\/a><\/div><\/div><div><div class=\"post-prev-img mb-0\"><a href=\"\" class=\"lightbox-gallery-2 mfp-image\"><img decoding=\"async\" src=\"\" alt=\"\" \/><\/a><\/div><\/div><div><div class=\"post-prev-img mb-0\"><a href=\"\" class=\"lightbox-gallery-2 mfp-image\"><img decoding=\"async\" src=\"\" alt=\"\" \/><\/a><\/div><\/div><div><div class=\"post-prev-img mb-0\"><a href=\"\" class=\"lightbox-gallery-2 mfp-image\"><img decoding=\"async\" src=\"\" alt=\"\" \/><\/a><\/div><\/div><\/div><\/div><\/div><\/section><section  class=\"content-section full-width with-col cover custom-padding rella-no-margin   banner-section bg-dark  content-section-69f38ddbb637a\" data-background=https:\/\/www.kvetinynaorechovce.cz\/wp-content\/uploads\/2016\/08\/bg111.jpg><div class=\"row vc_row-fluid\"><div class=\"wpb_column col-md-8 col-md-offset-2\"><div class=\"section-text text-block align-center\" ><h2>Always pushing to make beautiful digital experiences infused with emotion and executed with excellence.<\/h2>\n<p><a class=\"section-more section-more-style2\" href=\"#\">Learn More<i class=\"fa fa-caret-right\"><\/i><\/a><\/p>\n<\/div><\/div><\/div><\/section><section  class=\"content-section full-width with-col cover custom-padding rella-no-margin    content-section-69f38ddbb6564\"><div class=\"row vc_row-fluid\"><div class=\"wpb_column col-md-5\"><div class=\"section-text text-block align-left\" ><h2>We are a full service digital agency, producing amazing results for our clients<\/h2>\n<p>Duis sodales, metus a egestas feugiat, elit sem dapibus arcuderro, semper ultricies augue massa non leo. Morbi leo metus, euismod in felis at, consequat iaculis ex.<\/p>\n<p><a class=\"section-more section-more-style2\" href=\"#\">Learn More <i class=\"fa fa-caret-right\"><\/i><\/a><\/p>\n<\/div><\/div><div class=\"wpb_column col-md-6 col-md-offset-1\"><section  class=\"content-section full-width with-col cover rella-no-padding rella-no-margin    content-section-69f38ddbb670d\"><div class=\"row vc_row-fluid\"><div class=\"wpb_column col-md-4 col-xs-6 wow fadeIn\" data-wow-duration=\"1s\"><div  class=\"alt-features-item alt-features-item-style2 align-center\"><a href=\"#\"><div class=\"alt-features-icon\"><span class=\"icon-elegant icon-elegant-illumination9\"><\/span><\/div><h3 class=\"alt-features-title\" >Business Idea<\/h3><\/a><\/div><\/div><div class=\"wpb_column col-md-4 col-xs-6 wow fadeIn\" data-wow-delay=\"0.15s\" data-wow-duration=\"1s\"><div  class=\"alt-features-item alt-features-item-style2 align-center\"><a href=\"#\"><div class=\"alt-features-icon\"><span class=\"icon-elegant icon-elegant-magnifyingglass23\"><\/span><\/div><h3 class=\"alt-features-title\" >Research<\/h3><\/a><\/div><\/div><div class=\"wpb_column col-md-4 col-xs-6 wow fadeIn\" data-wow-delay=\"0.3s\" data-wow-duration=\"1s\"><div  class=\"alt-features-item alt-features-item-style2 align-center\"><a href=\"#\"><div class=\"alt-features-icon\"><span class=\"icon-elegant icon-elegant-touchscreen3\"><\/span><\/div><h3 class=\"alt-features-title\" >Design<\/h3><\/a><\/div><\/div><div class=\"wpb_column col-md-4 col-xs-6 wow fadeIn\" data-wow-delay=\"0.45s\" data-wow-duration=\"1s\"><div  class=\"alt-features-item alt-features-item-style2 align-center\"><a href=\"#\"><div class=\"alt-features-icon\"><span class=\"icon-elegant icon-elegant-button39\"><\/span><\/div><h3 class=\"alt-features-title\" >Development<\/h3><\/a><\/div><\/div><div class=\"wpb_column col-md-4 col-xs-6 wow fadeIn\" data-wow-delay=\"0.6s\" data-wow-duration=\"1s\"><div  class=\"alt-features-item alt-features-item-style2 align-center\"><a href=\"#\"><div class=\"alt-features-icon\"><span class=\"icon-elegant icon-elegant-airplane4\"><\/span><\/div><h3 class=\"alt-features-title\" >Testing<\/h3><\/a><\/div><\/div><div class=\"wpb_column col-md-4 col-xs-6 wow fadeIn\" data-wow-delay=\"0.75s\" data-wow-duration=\"1s\"><div  class=\"alt-features-item alt-features-item-style2 align-center\"><a href=\"#\"><div class=\"alt-features-icon\"><span class=\"icon-elegant icon-elegant-play138\"><\/span><\/div><h3 class=\"alt-features-title\" >Production<\/h3><\/a><\/div><\/div><\/div><\/section><\/div><\/div><\/section><section  class=\"content-section full-width with-col cover custom-padding rella-no-margin    content-section-69f38ddbb690d\"><div class=\"row vc_row-fluid\"><div class=\"wpb_column col-md-12\"><h2  class=\"section-title with-blue-underline mb-50 mb-sm-30 with-blue-underline\" >Services <span class=\"dot\"><\/span><small>We provide a complete list of best digital services<\/small><\/h2><section  class=\"content-section full-width with-col cover rella-no-padding rella-no-margin    content-section-69f38ddbb69e8\"><div class=\"row vc_row-fluid\"><div class=\"wpb_column col-md-8 col-md-offset-2 mb-60\"><div class=\"section-text text-block align-center\" ><p>Duis ultricies lectus eget maximus lacinia. In aliquet nisi mollis felis dapibus, eu ullamcorper sem posuere. Vivamus tempor dictum urna, id dignissim lectus porttitor acredisme.<\/p>\n<\/div><\/div><div class=\"wpb_column col-md-3 col-xs-6 wow fadeInUp\" data-wow-duration=\"1s\"><div  class=\"alt-features-item alt-features-item-style2 align-center features-item-with-border\"><a href=\"#\"><div class=\"alt-features-icon\"><span class=\"icon-elegant icon-elegant-pointer6\"><\/span><\/div><h3 class=\"alt-features-title\" style=\"color:#111111;\">Digital Services<\/h3><\/a><a href=\"#\" class=\"more\"><i class=\"fa fa-plus-circle\"><\/i> More<\/a><\/div><\/div><div class=\"wpb_column col-md-3 col-xs-6 wow fadeInUp\" data-wow-delay=\"0.2s\" data-wow-duration=\"1s\"><div  class=\"alt-features-item alt-features-item-style2 align-center features-item-with-border\"><a href=\"#\"><div class=\"alt-features-icon\"><span class=\"icon-elegant icon-elegant-wristwatch14\"><\/span><\/div><h3 class=\"alt-features-title\" style=\"color:#111111;\">Visual Identity<\/h3><\/a><a href=\"#\" class=\"more\"><i class=\"fa fa-plus-circle\"><\/i> More<\/a><\/div><\/div><div class=\"wpb_column col-md-3 col-xs-6 wow fadeInUp\" data-wow-delay=\"0.4s\" data-wow-duration=\"1s\"><div  class=\"alt-features-item alt-features-item-style2 align-center features-item-with-border\"><a href=\"#\"><div class=\"alt-features-icon\"><span class=\"icon-elegant icon-elegant-origami11\"><\/span><\/div><h3 class=\"alt-features-title\" style=\"color:#111111;\">Print Services<\/h3><\/a><a href=\"#\" class=\"more\"><i class=\"fa fa-plus-circle\"><\/i> More<\/a><\/div><\/div><div class=\"wpb_column col-md-3 col-xs-6 wow fadeInUp\" data-wow-delay=\"0.6s\" data-wow-duration=\"1s\"><div  class=\"alt-features-item alt-features-item-style2 align-center features-item-with-border\"><a href=\"#\"><div class=\"alt-features-icon\"><span class=\"icon-elegant icon-elegant-conversation19\"><\/span><\/div><h3 class=\"alt-features-title\" style=\"color:#111111;\">Development<\/h3><\/a><a href=\"#\" class=\"more\"><i class=\"fa fa-plus-circle\"><\/i> More<\/a><\/div><\/div><\/div><\/section><\/div><\/div><\/section><section  class=\"content-section full-width with-col cover rella-no-padding rella-no-margin   medium-section pt-0 pb-0 banner-section bg-dark  content-section-69f38ddbb6de8\"><div class=\"row vc_row-fluid\"><div class=\"wpb_column col-md-8 col-md-offset-2\">[vc_raw_html]JTNDZGl2JTIwY2xhc3MlM0QlMjJtdC02MCUyMG10LWxnLTgwJTIwbWItNjAlMjBtYi1sZy04MCUyMiUzRSUwQSUwOSUzQ2RpdiUyMGNsYXNzJTNEJTIyYmFubmVyLWNvbnRlbnQlMjBiYW5lbmVyLWNvbnRlbnQtc3R5bGUyJTIwY2xlYXJmaXglMjIlM0UlMEElMDklMDklM0NkaXYlMjBjbGFzcyUzRCUyMmNvbnRlbnRzJTIyJTNFJTBBJTA5JTA5JTA5JTNDaDMlMjBjbGFzcyUzRCUyMmJhbm5lci1oZWFkaW5nJTIyJTNFTG9va2luZyUyMGZvciUyMGV4Y2x1c2l2ZSUyMHNlcnZpY2VzJTNGJTNDJTJGaDMlM0UlMEElMDklMDklMDklM0NkaXYlMjBjbGFzcyUzRCUyMmJhbm5lci1kZWNyaXB0aW9uJTIyJTNFJTBBJTA5JTA5JTA5JTA5SnVzdCUyMHNheSUyMGhlbGxvJTIwYW5kJTIwd2UlMjB3aWxsJTIwc3RhcnQlMjB3b3JrJTIwb24lMjB0aGUlMjB5b3VyJTIwcHJvamVjdCUwQSUwOSUwOSUwOSUzQyUyRmRpdiUzRSUwQSUwOSUwOSUzQyUyRmRpdiUzRSUwQSUwOSUwOSUzQ2RpdiUyMGNsYXNzJTNEJTIybG9jYWwtc2Nyb2xsJTIyJTNFJTBBJTA5JTA5JTA5JTNDYSUyMGNsYXNzJTNEJTIyYnRuJTIwYnRuLW1vZCUyMGJ0bi13JTIwYnRuLW1lZGl1bSUyMGJ0bi1yb3VuZCUyMiUyMGhyZWYlM0QlMjJwcmVzdG8tY29udGFjdC5odG1sJTIyJTNFR2V0JTIwUHJpY2luZyUzQyUyRmElM0UlMEElMDklMDklM0MlMkZkaXYlM0UlMEElMDklM0MlMkZkaXYlM0UlMEElM0MlMkZkaXYlM0U=[\/vc_raw_html]<\/div><\/div><\/section><section  id=\"portfolio\" class=\"content-section full-width with-col cover custom-padding rella-no-margin    content-section-69f38ddbb6e7f\"><div class=\"row vc_row-fluid\"><div class=\"wpb_column col-md-12\"><h2  class=\"section-title with-blue-underline mb-50 mb-sm-30\" style=\"margin-bottom:80px;\">Latest Works <span class=\"dot\"><\/span><small>Our best works will tell all than us<\/small><\/h2>\n\t\n\t<ul class=\"works-grid work-grid-3 work-grid-gut clearfix font-alt hover-dark hide-titles  titles-middle masonry\" id=\"work-grid\">\n\n\t\n\t<\/ul>\n\n\t[vc_raw_html]JTNDZGl2JTIwY2xhc3MlM0QlMjJsb2FkLW1vcmUlMjBhbGlnbi1jZW50ZXIlMjBtdC03MCUyMiUzRSUwQSUwOSUzQ2ElMjBocmVmJTNEJTIyaHR0cCUzQSUyRiUyRnJoeXRobXdwLnN0YWdpbmcud3BlbmdpbmUuY29tJTJGcHJlc3RvJTJGbGFyZ2UtZ2x1dHRlci0zLWNvbHVtbnMlMkYlMjIlMjBjbGFzcyUzRCUyMmJ0biUyMGJ0bi1tb2QlMjBidG4tdyUyMGJ0bi1yb3VuZCUyMGJ0bi1sYXJnZSUyMGJ0bi1sYXJnZS1hbHQlMjBiZy1zY29vdGVyJTIwd2hpdGUlMjIlM0VNb3JlJTIwV29ya3MlM0MlMkZhJTNFJTBBJTNDJTJGZGl2JTNF[\/vc_raw_html]<\/div><\/div><\/section><section  class=\"content-section full-width is-fluid cover rella-no-padding rella-no-margin    content-section-69f38ddbb7293\"><div class=\"row vc_row-fluid\"><div class=\"wpb_column col-md-12\">\n\n<section class=\"page-section fullwidth-slider slider-navigation-style2 navigation-transparent pt-130 bg-gray  bg-scroll\" data-background=\"https:\/\/www.kvetinynaorechovce.cz\/wp-content\/uploads\/2016\/08\/bgN1.jpg\" data-speed=\"\" data-autoplay=\"false\">\n\n  \n  <div>\n    <div class=\"container relative\">\n      <div class=\"row\">\n        <div class=\"col-md-8 col-md-offset-2 align-center\">\n          <div class=\"section-icon style-elegant\">\n\t\t\t<span class=\"icon-elegant icon-elegant-conversation19\"><\/span>\n\t\t<\/div>\n          <h3 >What people say?<\/h3>\n          <blockquote class=\"testimonial testimonial-style2\">\n            <p>Phasellus luctus commodo ullamcorper a posuere rhoncus commodo elit. Aenean congue, risus utaliquam dapibus. Thanks!<\/p>\n            <footer class=\"testimonial-author\">Emma Connor, Company Inc.<\/footer>\n          <\/blockquote>\n        <\/div>\n      <\/div>\n    <\/div>\n  <\/div>\n\n  \n  <div>\n    <div class=\"container relative\">\n      <div class=\"row\">\n        <div class=\"col-md-8 col-md-offset-2 align-center\">\n          <div class=\"section-icon style-elegant\">\n\t\t\t<span class=\"icon-elegant icon-elegant-conversation19\"><\/span>\n\t\t<\/div>\n          <h3 >What people say?<\/h3>\n          <blockquote class=\"testimonial testimonial-style2\">\n            <p>Phasellus luctus commodo ullamcorper a posuere rhoncus commodo elit. Aenean congue, risus utaliquam dapibus. Thanks!<\/p>\n            <footer class=\"testimonial-author\">Emma Connor, Company Inc.<\/footer>\n          <\/blockquote>\n        <\/div>\n      <\/div>\n    <\/div>\n  <\/div>\n\n  \n  <div>\n    <div class=\"container relative\">\n      <div class=\"row\">\n        <div class=\"col-md-8 col-md-offset-2 align-center\">\n          <div class=\"section-icon style-elegant\">\n\t\t\t<span class=\"icon-elegant icon-elegant-conversation19\"><\/span>\n\t\t<\/div>\n          <h3 >What people say?<\/h3>\n          <blockquote class=\"testimonial testimonial-style2\">\n            <p>Phasellus luctus commodo ullamcorper a posuere rhoncus commodo elit. Aenean congue, risus utaliquam dapibus. Thanks!<\/p>\n            <footer class=\"testimonial-author\">Emma Connor, Company Inc.<\/footer>\n          <\/blockquote>\n        <\/div>\n      <\/div>\n    <\/div>\n  <\/div>\n\n  \n  <\/section>\n\n  <\/div><\/div><\/section><section  class=\"content-section full-width with-col cover rella-no-padding rella-no-margin bg-dark-alfa-90  medium-section pt-80 pb-80  content-section-69f38ddbb822a\"><div class=\"row vc_row-fluid\"><div class=\"wpb_column col-md-8 col-md-offset-2\"><div  class=\"small-item-carousel-items-4 black owl-carousel mb-0 animate-init\" data-anim-type=\"fade-in-right-large\" data-anim-delay=\"100\"><div class=\"logo-item\"><img decoding=\"async\" src=\"https:\/\/www.kvetinynaorechovce.cz\/wp-content\/uploads\/2016\/08\/client2-1.png\" width=\"auto\" height=\"auto\" alt=\"\" \/><\/div><\/div><\/div><\/div><\/section><section  class=\"content-section full-width with-col cover custom-padding rella-no-margin    content-section-69f38ddbb901f\"><div class=\"row vc_row-fluid\"><div class=\"wpb_column col-md-12\"><h2  class=\"section-title with-blue-underline mb-50 mb-sm-30 mb-60 mb-sm-30\" >Our Blog <span class=\"dot\"><\/span><small>We share our best ideas in our blog<\/small><\/h2><div class=\"section-text text-block mb-80 align-center\" ><p>Donec elementum lacus tortor. Etiam metus felis, pretium at ex eu, feugiat tempor diam. Donec at elit<br \/>\nid quam lacinia imperdiet eget at massa. Praesent id urna id augue pretium pretium.<\/p>\n<\/div>\t<div class=\"row multi-columns-row\">\n\t\t\n\t\n\t\t<div  class=\"  col-sm-6 col-md-3 col-lg-3 mb-60 mb-xs-40\">\t\t\n\t\t\n\t\t<div class=\"post-prev-title post-prev-title-style2\">\n\t\t\t<a href=\"https:\/\/www.kvetinynaorechovce.cz\/en\/nas-rok-2017\/\">N\u00e1\u0161 rok 2017<\/a>\n\t\t<\/div>\n\t\t\n\t\t\t\t<div class=\"post-prev-text post-prev-text-style2\"><\/div>\n\t\t<div class=\"post-prev-more post-prev-more-style2\">\n\t\t\t<a href=\"https:\/\/www.kvetinynaorechovce.cz\/en\/nas-rok-2017\/\" class=\"btn\">Read more <i class=\"fa fa-caret-right\"><\/i><\/a>\n\t\t<\/div>\n\t\t<\/div>\t\t\n\t\t\n\t\t\n\n\n\t\t\n\t\n\t\t<div  class=\"  col-sm-6 col-md-3 col-lg-3 mb-60 mb-xs-40\">\t\t\n\t\t\n\t\t<div class=\"post-prev-title post-prev-title-style2\">\n\t\t\t<a href=\"https:\/\/www.kvetinynaorechovce.cz\/en\/roku-1923\/\">Roku 1923<\/a>\n\t\t<\/div>\n\t\t\n\t\t\t\t<div class=\"post-prev-text post-prev-text-style2\"><\/div>\n\t\t<div class=\"post-prev-more post-prev-more-style2\">\n\t\t\t<a href=\"https:\/\/www.kvetinynaorechovce.cz\/en\/roku-1923\/\" class=\"btn\">Read more <i class=\"fa fa-caret-right\"><\/i><\/a>\n\t\t<\/div>\n\t\t<\/div>\t\t\n\t\t\n\t\t\n\n\n\t\t\n\t\n\t\t<div  class=\"  col-sm-6 col-md-3 col-lg-3 mb-60 mb-xs-40\">\t\t\n\t\t\t\t\t<div class=\"post-prev-img post-prev-img-style2\">\n\t\t\t<a href=\"https:\/\/www.kvetinynaorechovce.cz\/en\/minimalistic-design-forever\/\"><img loading=\"lazy\" decoding=\"async\" width=\"617\" height=\"347\" src=\"https:\/\/www.kvetinynaorechovce.cz\/wp-content\/uploads\/2017\/11\/flowershop-0006-617x347.jpg\" class=\"attachment-ts-magazine size-ts-magazine wp-post-image\" alt=\"\" srcset=\"https:\/\/www.kvetinynaorechovce.cz\/wp-content\/uploads\/2017\/11\/flowershop-0006-617x347.jpg 617w, https:\/\/www.kvetinynaorechovce.cz\/wp-content\/uploads\/2017\/11\/flowershop-0006-1140x642.jpg 1140w\" sizes=\"auto, (max-width: 617px) 100vw, 617px\" \/><\/a>\n\t\t\t<\/div>\n\t\t\n\t\t<div class=\"post-prev-title post-prev-title-style2\">\n\t\t\t<a href=\"https:\/\/www.kvetinynaorechovce.cz\/en\/minimalistic-design-forever\/\">Kv\u011btin\u00e1\u0159stv\u00ed na O\u0159echovce<\/a>\n\t\t<\/div>\n\t\t\n\t\t\t\t<div class=\"post-prev-text post-prev-text-style2\"><\/div>\n\t\t<div class=\"post-prev-more post-prev-more-style2\">\n\t\t\t<a href=\"https:\/\/www.kvetinynaorechovce.cz\/en\/minimalistic-design-forever\/\" class=\"btn\">Read more <i class=\"fa fa-caret-right\"><\/i><\/a>\n\t\t<\/div>\n\t\t<\/div>\t\t\n\t\t\n\t\t\n\n\n\t\n\t<\/div>\n\n\t<\/div><\/div><\/section><section  class=\"content-section full-width with-col cover rella-no-padding rella-no-margin   bt-black-transparent  content-section-69f38ddbbaad2\"><div class=\"row vc_row-fluid\"><div class=\"wpb_column col-md-12\"><div  class=\"newsletter-wrapper elegant-newsletter\"><div class=\"row\"><div class=\"col-md-4\"><div class=\"newsletter-label newsletter-label-style2\"><h5>Stay informed<br \/>\n<strong>with OUR NEWSLETTER<\/strong><\/h5><h6>Lets get hot news every week!<\/h6><\/div><\/div><!-- \/.col-md-4 --><div class=\"col-md-6 pb-50 right sm-float-none\"><div class=\" mt-70 mt-xs-0 mb-10\">[wysija_form id=&#8221;2&#8243;]<\/div><div class=\"form-tip\"><i class=\"fa fa-info-circle\"><\/i>Please trust us, we will never send you spam<\/div><\/div><!-- \/.col-md-6 --><\/div><\/div><\/div><\/div><\/section><section  class=\"content-section full-width with-col cover rella-no-padding rella-no-margin bg-dark-alfa-90  pt-130 pb-100  content-section-69f38ddbbae38\"><div class=\"row vc_row-fluid\"><div class=\"wpb_column col-sm-4\"><div class=\"pt-20 pb-20 pb-xs-0 contact-item-circle\" ><div class=\"contact-item\"><div class=\"ci-icon \" ><i class=\"fa fa-phone\"><\/i><\/div><div class=\"ci-title font-alt\" style=\"color:#ffffff;\">Call us from 10 am to 7 pm<\/div><div class=\"ci-text\" >+61 383 765 284<\/div><\/div><\/div><\/div><div class=\"wpb_column col-md-4\"><div class=\"pt-20 pb-20 pb-xs-0 contact-item-circle\" ><div class=\"contact-item\"><div class=\"ci-icon \" ><i class=\"fa fa-map-marker\"><\/i><\/div><div class=\"ci-title font-alt\" style=\"color:#ffffff;\">Have a cup of coffee<\/div><div class=\"ci-text\" >245 Quigley Blvd, Ste K<br \/>\n<a class=\"external white\" href=\"http:\/\/rhythmwp.staging.wpengine.com\/presto\/contact\/\">View on map <i class=\"fa fa-angle-right\"><\/i><\/a><\/div><\/div><\/div><\/div><div class=\"wpb_column col-md-4\"><div class=\"pt-20 pb-20 pb-xs-0 contact-item-circle\" ><div class=\"contact-item\"><div class=\"ci-icon \" ><i class=\"fa fa-envelope\"><\/i><\/div><div class=\"ci-title font-alt\" style=\"color:#ffffff;\">Just say hello<\/div><div class=\"ci-text\" >support@bestlooker.pro<\/div><\/div><\/div><\/div><\/div><\/section>\n","protected":false},"excerpt":{"rendered":"","protected":false},"author":1,"featured_media":0,"parent":0,"menu_order":0,"comment_status":"closed","ping_status":"closed","template":"","meta":{"footnotes":""},"class_list":["post-2897","page","type-page","status-publish","hentry"],"_links":{"self":[{"href":"https:\/\/www.kvetinynaorechovce.cz\/en\/wp-json\/wp\/v2\/pages\/2897","targetHints":{"allow":["GET"]}}],"collection":[{"href":"https:\/\/www.kvetinynaorechovce.cz\/en\/wp-json\/wp\/v2\/pages"}],"about":[{"href":"https:\/\/www.kvetinynaorechovce.cz\/en\/wp-json\/wp\/v2\/types\/page"}],"author":[{"embeddable":true,"href":"https:\/\/www.kvetinynaorechovce.cz\/en\/wp-json\/wp\/v2\/users\/1"}],"replies":[{"embeddable":true,"href":"https:\/\/www.kvetinynaorechovce.cz\/en\/wp-json\/wp\/v2\/comments?post=2897"}],"version-history":[{"count":0,"href":"https:\/\/www.kvetinynaorechovce.cz\/en\/wp-json\/wp\/v2\/pages\/2897\/revisions"}],"wp:attachment":[{"href":"https:\/\/www.kvetinynaorechovce.cz\/en\/wp-json\/wp\/v2\/media?parent=2897"}],"curies":[{"name":"wp","href":"https:\/\/api.w.org\/{rel}","templated":true}]}}