{"id":4318,"date":"2020-04-02T10:39:21","date_gmt":"2020-04-02T10:39:21","guid":{"rendered":"https:\/\/www.kvetinynaorechovce.cz\/produkt\/import-placeholder-for-4316\/"},"modified":"2020-04-02T20:35:59","modified_gmt":"2020-04-02T20:35:59","slug":"ruzove-ruze","status":"publish","type":"product","link":"https:\/\/www.kvetinynaorechovce.cz\/cz\/produkt\/ruzove-ruze\/","title":{"rendered":"R\u016f\u017eov\u00e9 r\u016f\u017ee"},"content":{"rendered":"","protected":false},"excerpt":{"rendered":"","protected":false},"featured_media":4277,"template":"","meta":[],"class_list":["post-4318","product","type-product","status-publish","has-post-thumbnail","hentry","product_cat-nezarazene"],"_links":{"self":[{"href":"https:\/\/www.kvetinynaorechovce.cz\/cz\/wp-json\/wp\/v2\/product\/4318","targetHints":{"allow":["GET"]}}],"collection":[{"href":"https:\/\/www.kvetinynaorechovce.cz\/cz\/wp-json\/wp\/v2\/product"}],"about":[{"href":"https:\/\/www.kvetinynaorechovce.cz\/cz\/wp-json\/wp\/v2\/types\/product"}],"wp:featuredmedia":[{"embeddable":true,"href":"https:\/\/www.kvetinynaorechovce.cz\/cz\/wp-json\/wp\/v2\/media\/4277"}],"wp:attachment":[{"href":"https:\/\/www.kvetinynaorechovce.cz\/cz\/wp-json\/wp\/v2\/media?parent=4318"}],"curies":[{"name":"wp","href":"https:\/\/api.w.org\/{rel}","templated":true}]}}