{"id":4308,"date":"2020-04-02T10:35:06","date_gmt":"2020-04-02T10:35:06","guid":{"rendered":"https:\/\/www.kvetinynaorechovce.cz\/?post_type=product&#038;p=4308"},"modified":"2020-04-02T20:35:59","modified_gmt":"2020-04-02T20:35:59","slug":"1","status":"publish","type":"product","link":"https:\/\/www.kvetinynaorechovce.cz\/cz\/produkt\/1\/","title":{"rendered":"B\u00edl\u00e9 r\u016f\u017ee"},"content":{"rendered":"","protected":false},"excerpt":{"rendered":"","protected":false},"featured_media":4261,"template":"","meta":[],"class_list":["post-4308","product","type-product","status-publish","has-post-thumbnail","hentry","product_cat-nezarazene"],"_links":{"self":[{"href":"https:\/\/www.kvetinynaorechovce.cz\/cz\/wp-json\/wp\/v2\/product\/4308","targetHints":{"allow":["GET"]}}],"collection":[{"href":"https:\/\/www.kvetinynaorechovce.cz\/cz\/wp-json\/wp\/v2\/product"}],"about":[{"href":"https:\/\/www.kvetinynaorechovce.cz\/cz\/wp-json\/wp\/v2\/types\/product"}],"wp:featuredmedia":[{"embeddable":true,"href":"https:\/\/www.kvetinynaorechovce.cz\/cz\/wp-json\/wp\/v2\/media\/4261"}],"wp:attachment":[{"href":"https:\/\/www.kvetinynaorechovce.cz\/cz\/wp-json\/wp\/v2\/media?parent=4308"}],"curies":[{"name":"wp","href":"https:\/\/api.w.org\/{rel}","templated":true}]}}