{"id":3926,"date":"2018-08-21T19:26:36","date_gmt":"2018-08-21T19:26:36","guid":{"rendered":"https:\/\/www.kvetinynaorechovce.cz\/?page_id=3926"},"modified":"2025-02-11T19:45:57","modified_gmt":"2025-02-11T19:45:57","slug":"nasi-zakaznici","status":"publish","type":"page","link":"https:\/\/www.kvetinynaorechovce.cz\/cz\/nasi-zakaznici\/","title":{"rendered":"NA\u0160I Z\u00c1KAZN\u00cdCI"},"content":{"rendered":"<section  class=\"content-section full-width with-col cover rella-no-padding rella-no-margin    content-section-69f45d5b97265\"><div class=\"row vc_row-fluid\"><div class=\"wpb_column col-md-12\">[vc_empty_space height=&#8221;85px&#8221;]<\/div><\/div><\/section><section  class=\"content-section full-width with-col cover rella-no-padding rella-no-margin    content-section-69f45d5b9731c\"><div class=\"row vc_row-fluid\"><div class=\"wpb_column col-md-12\"><div class=\"section-text text-block align-left\" ><h1>Na\u0161i spokojen\u00ed z\u00e1kazn\u00edci<\/h1>\n<\/div><\/div><\/div><\/section><section  class=\"content-section full-width with-col cover rella-no-padding rella-no-margin    content-section-69f45d5b97458\"><div class=\"row vc_row-fluid\"><div class=\"wpb_column col-md-4\"><div class=\"section-text text-block \" ><ul>\n<li>Mandarin Oriental Prague<\/li>\n<li>Intercontinental Prague<\/li>\n<li>Intercontinental Bangkok<\/li>\n<li>Hotel U Zlat\u00e9 Studn\u011b<\/li>\n<li>Hotel Duo<\/li>\n<li>Hotel And\u011bl<\/li>\n<li>Hotel Bellagio<\/li>\n<\/ul>\n<\/div><\/div><div class=\"wpb_column col-md-4\"><div class=\"section-text text-block \" ><ul>\n<li>Kampa Park<\/li>\n<li>Hergetova Cihelna<\/li>\n<li>Emporio Caf\u00e9<\/li>\n<li>Ims Prague events<\/li>\n<li>Plesy Obecn\u00ed d\u016fm<\/li>\n<li>\u010cedok<\/li>\n<li>Alukov<\/li>\n<\/ul>\n<\/div><\/div><div class=\"wpb_column col-md-4\"><div class=\"section-text text-block \" ><ul>\n<li>OC Chodov<\/li>\n<li>OC \u010cern\u00fd Most<\/li>\n<li>OC Zli\u010d\u00edn<\/li>\n<li>KVIFF Karlovy Vary Unicredit Bank party<\/li>\n<li>Soukrom\u00e9 byty a interi\u00e9ry<\/li>\n<li>Halada klenotnictv\u00ed<\/li>\n<li>Priv\u00e1tn\u00ed eventy<\/li>\n<\/ul>\n<\/div><\/div><\/div><\/section><section  class=\"content-section full-width with-col cover rella-no-padding rella-no-margin    content-section-69f45d5b97697\"><div class=\"row vc_row-fluid\"><div class=\"wpb_column col-md-12\">[vc_gallery type=&#8221;image_grid&#8221; images=&#8221;3998,3996,3920,3917,3916,3923,3922,3918&#8243; img_size=&#8221;300px&#8221;]<\/div><\/div><\/section>\n","protected":false},"excerpt":{"rendered":"[vc_empty_space height=\"85px\"]Na\u0161i spokojen\u00ed z\u00e1kazn\u00edci Mandarin Oriental Prague Intercontinental Prague Intercontinental Bangkok Hotel U Zlat\u00e9 Studn\u011b Hotel Duo Hotel And\u011bl Hotel Bellagio Kampa Park Hergetova Cihelna Emporio Caf\u00e9 Ims Prague events Plesy Obecn\u00ed d\u016fm \u010cedok Alukov OC Chodov OC \u010cern\u00fd Most OC Zli\u010d\u00edn KVIFF Karlovy Vary Unicredit Bank party Soukrom\u00e9 byty a interi\u00e9ry Halada klenotnictv\u00ed Priv\u00e1tn\u00ed","protected":false},"author":1,"featured_media":3232,"parent":0,"menu_order":0,"comment_status":"closed","ping_status":"closed","template":"","meta":{"footnotes":""},"class_list":["post-3926","page","type-page","status-publish","has-post-thumbnail","hentry"],"_links":{"self":[{"href":"https:\/\/www.kvetinynaorechovce.cz\/cz\/wp-json\/wp\/v2\/pages\/3926","targetHints":{"allow":["GET"]}}],"collection":[{"href":"https:\/\/www.kvetinynaorechovce.cz\/cz\/wp-json\/wp\/v2\/pages"}],"about":[{"href":"https:\/\/www.kvetinynaorechovce.cz\/cz\/wp-json\/wp\/v2\/types\/page"}],"author":[{"embeddable":true,"href":"https:\/\/www.kvetinynaorechovce.cz\/cz\/wp-json\/wp\/v2\/users\/1"}],"replies":[{"embeddable":true,"href":"https:\/\/www.kvetinynaorechovce.cz\/cz\/wp-json\/wp\/v2\/comments?post=3926"}],"version-history":[{"count":14,"href":"https:\/\/www.kvetinynaorechovce.cz\/cz\/wp-json\/wp\/v2\/pages\/3926\/revisions"}],"predecessor-version":[{"id":4759,"href":"https:\/\/www.kvetinynaorechovce.cz\/cz\/wp-json\/wp\/v2\/pages\/3926\/revisions\/4759"}],"wp:featuredmedia":[{"embeddable":true,"href":"https:\/\/www.kvetinynaorechovce.cz\/cz\/wp-json\/wp\/v2\/media\/3232"}],"wp:attachment":[{"href":"https:\/\/www.kvetinynaorechovce.cz\/cz\/wp-json\/wp\/v2\/media?parent=3926"}],"curies":[{"name":"wp","href":"https:\/\/api.w.org\/{rel}","templated":true}]}}