{"id":3885,"date":"2018-08-21T12:02:21","date_gmt":"2018-08-21T12:02:21","guid":{"rendered":"https:\/\/www.kvetinynaorechovce.cz\/?page_id=3885"},"modified":"2018-10-24T08:09:43","modified_gmt":"2018-10-24T08:09:43","slug":"chci-objednat","status":"publish","type":"page","link":"https:\/\/www.kvetinynaorechovce.cz\/cz\/chci-objednat\/","title":{"rendered":"Chci objednat"},"content":{"rendered":"<section  class=\"content-section full-width with-col cover rella-no-padding rella-no-margin    content-section-69ef35dba0283\"><div class=\"row vc_row-fluid\"><div class=\"wpb_column col-md-12\">[vc_empty_space height=&#8221;90px&#8221;]<\/div><\/div><\/section><section  class=\"content-section full-width with-col cover rella-no-padding rella-no-margin    content-section-69ef35dba0358\"><div class=\"row vc_row-fluid\"><div class=\"wpb_column col-md-3 align-left\"><\/div><div class=\"wpb_column col-md-6\"><div role=\"form\" class=\"wpcf7\" id=\"wpcf7-f47-o1\" lang=\"cs-CZ\" dir=\"ltr\">\n<div class=\"screen-reader-response\"><\/div>\n<form action=\"\/cz\/wp-json\/wp\/v2\/pages\/3885#wpcf7-f47-o1\" method=\"post\" class=\"wpcf7-form\" novalidate=\"novalidate\">\n<div style=\"display: none;\">\n<input type=\"hidden\" name=\"_wpcf7\" value=\"47\" \/>\n<input type=\"hidden\" name=\"_wpcf7_version\" value=\"5.1.7\" \/>\n<input type=\"hidden\" name=\"_wpcf7_locale\" value=\"cs_CZ\" \/>\n<input type=\"hidden\" name=\"_wpcf7_unit_tag\" value=\"wpcf7-f47-o1\" \/>\n<input type=\"hidden\" name=\"_wpcf7_container_post\" value=\"0\" \/>\n<\/div>\n<p><label> Jm\u00e9no a P\u0159\u00edjmen\u00ed:<br \/>\n    <span class=\"wpcf7-form-control-wrap jmenoprijmeni\"><input type=\"text\" name=\"jmenoprijmeni\" value=\"\" size=\"40\" class=\"wpcf7-form-control wpcf7-text wpcf7-validates-as-required\" aria-required=\"true\" aria-invalid=\"false\" \/><\/span> <\/label><\/p>\n<p><label> E-mail:<br \/>\n    <span class=\"wpcf7-form-control-wrap email\"><input type=\"text\" name=\"email\" value=\"\" size=\"40\" class=\"wpcf7-form-control wpcf7-text wpcf7-validates-as-required\" aria-required=\"true\" aria-invalid=\"false\" \/><\/span> <\/label><\/p>\n<p><label>Nej\u010derstv\u011bj\u0161\u00ed sezonn\u00ed kv\u011btin predplatit na:<br \/>\n<span class=\"wpcf7-form-control-wrap predplatne\"><select name=\"predplatne\" class=\"wpcf7-form-control wpcf7-select wpcf7-validates-as-required\" aria-required=\"true\" aria-invalid=\"false\"><option value=\"\">---<\/option><option value=\"3 m\u011bs\u00edce\">3 m\u011bs\u00edce<\/option><option value=\"6 m\u011bs\u00edc\u016f\">6 m\u011bs\u00edc\u016f<\/option><option value=\"12 m\u011bs\u00edc\u016f\">12 m\u011bs\u00edc\u016f<\/option><\/select><\/span><\/label><\/p>\n<p><label>\u010cerstv\u00e9 kv\u011btiny do Va\u0161eho domova nebo kancel\u00e1\u0159e v hodnot\u011b:<br \/>\n<span class=\"wpcf7-form-control-wrap cena\"><select name=\"cena\" class=\"wpcf7-form-control wpcf7-select wpcf7-validates-as-required\" aria-required=\"true\" aria-invalid=\"false\"><option value=\"\">---<\/option><option value=\"199,-\">199,-<\/option><option value=\"499,- (doprava zdarma Praha 6)\">499,- (doprava zdarma Praha 6)<\/option><option value=\"999,- (doprava zdarma)\">999,- (doprava zdarma)<\/option><\/select><\/span><\/label><\/p>\n<p><label>Kv\u011btiny chci doru\u010dit:<br \/>\n<span class=\"wpcf7-form-control-wrap kdy\"><select name=\"kdy\" class=\"wpcf7-form-control wpcf7-select wpcf7-validates-as-required\" aria-required=\"true\" aria-invalid=\"false\"><option value=\"\">---<\/option><option value=\"Pond\u011bl\u00ed dopoledne (9-11)\">Pond\u011bl\u00ed dopoledne (9-11)<\/option><option value=\"P\u00e1tek odpoledne (16-18)\">P\u00e1tek odpoledne (16-18)<\/option><option value=\"Kv\u011btiny si vyzvednu osobn\u011b\">Kv\u011btiny si vyzvednu osobn\u011b<\/option><\/select><\/span><\/label><\/p>\n<p><label> Na adresu:<br \/>\n    <span class=\"wpcf7-form-control-wrap adresa\"><textarea name=\"adresa\" cols=\"40\" rows=\"10\" class=\"wpcf7-form-control wpcf7-textarea\" aria-invalid=\"false\"><\/textarea><\/span> <\/label><\/p>\n<p><label> Kv\u011btiny si p\u0159evezme<br \/>\n    <span class=\"wpcf7-form-control-wrap prevezme\"><input type=\"text\" name=\"prevezme\" value=\"\" size=\"40\" class=\"wpcf7-form-control wpcf7-text wpcf7-validates-as-required\" aria-required=\"true\" aria-invalid=\"false\" \/><\/span> <\/label><\/p>\n<p><label> Zastihneme V\u00e1s na tel. \u010d\u00edsle:<br \/>\n    <span class=\"wpcf7-form-control-wrap tel\"><input type=\"text\" name=\"tel\" value=\"\" size=\"40\" class=\"wpcf7-form-control wpcf7-text wpcf7-validates-as-required\" aria-required=\"true\" aria-invalid=\"false\" \/><\/span> <\/label><\/p>\n<p><label> Pozn\u00e1mka: napr. kv\u011btiny la\u010fte do r\u016f\u017eov\u00fdch odst\u00ednu, nem\u00e1m r\u00e1da karafiaty....<br \/>\n    <span class=\"wpcf7-form-control-wrap pozn\"><textarea name=\"pozn\" cols=\"40\" rows=\"10\" class=\"wpcf7-form-control wpcf7-textarea\" aria-invalid=\"false\"><\/textarea><\/span> <\/label><\/p>\n<p>Zp\u016fsob platby:<br \/>\n<span class=\"wpcf7-form-control-wrap platba\"><select name=\"platba\" class=\"wpcf7-form-control wpcf7-select wpcf7-validates-as-required\" aria-required=\"true\" aria-invalid=\"false\"><option value=\"\">---<\/option><option value=\"Dob\u00edrkou\">Dob\u00edrkou<\/option><option value=\"P\u0159evodem\">P\u0159evodem<\/option><\/select><\/span><\/p>\n<p><input type=\"submit\" value=\"Odeslat\" class=\"wpcf7-form-control wpcf7-submit\" \/><\/p>\n<noscript>\n\t\t\t<div class=\"wpcf7-response-output wpcf7-spam-blocked\">Your browser does not support JavaScript!. Please enable javascript in your browser in order to get form work properly.<\/div>\n\t<\/noscript><script type='text\/javascript'>\n\n\t\t\t\t\t\tif(contactform === undefined){\n\t\t\t\t\t\t\tvar contactform = [];\n\t\t\t\t\t\t}\n\t\t\t\t\t\tvar innerVal = [47,'mail_sent_ok','D\u011bkujeme V&aacute;m. Va&scaron;e zpr&aacute;va byla &uacute;sp\u011b&scaron;n\u011b odesl&aacute;na.'];\n\t\t\t\t\t\tcontactform.push(innerVal);\n\t\t\t\t\t\tvar innerVal = [47,'mail_sent_ng','B\u011bhem odes&iacute;l&aacute;n&iacute; zpr&aacute;vy nastala chyba. Zkuste to pros&iacute;m pozd\u011bji.'];\n\t\t\t\t\t\tcontactform.push(innerVal);\n\t\t\t\t\t\tvar innerVal = [47,'validation_error','N\u011bkter&aacute; pole obsahuj&iacute; chybu. Opravte pros&iacute;m zadan&eacute; &uacute;daje a zkuste to znovu.'];\n\t\t\t\t\t\tcontactform.push(innerVal);\n\t\t\t\t\t\tvar innerVal = [47,'spam','B\u011bhem odes&iacute;l&aacute;n&iacute; zpr&aacute;vy nastala chyba. Zkuste to pros&iacute;m pozd\u011bji.'];\n\t\t\t\t\t\tcontactform.push(innerVal);\n\t\t\t\t\t\tvar innerVal = [47,'accept_terms','P\u0159ed odesl&aacute;n&iacute;m zpr&aacute;vy mus&iacute;te souhlasit s podm&iacute;nkami slu\u017eby.'];\n\t\t\t\t\t\tcontactform.push(innerVal);\n\t\t\t\t\t\tvar innerVal = [47,'invalid_required','Toto pole je povinn&eacute;.'];\n\t\t\t\t\t\tcontactform.push(innerVal);\n\t\t\t\t\t\tvar innerVal = [47,'invalid_too_long','Zadan&yacute; &uacute;daj je p\u0159&iacute;li&scaron; dlouh&yacute;.'];\n\t\t\t\t\t\tcontactform.push(innerVal);\n\t\t\t\t\t\tvar innerVal = [47,'invalid_too_short','Pole je p\u0159&iacute;li&scaron; kr&aacute;tk&eacute;.'];\n\t\t\t\t\t\tcontactform.push(innerVal);\n\t\t\t\t\t\tvar innerVal = [47,'invalid_date','Form&aacute;t data je neplatn&yacute;.'];\n\t\t\t\t\t\tcontactform.push(innerVal);\n\t\t\t\t\t\tvar innerVal = [47,'date_too_early','Datum je p\u0159ed nejni\u017e&scaron;&iacute;m povolen&yacute;m.'];\n\t\t\t\t\t\tcontactform.push(innerVal);\n\t\t\t\t\t\tvar innerVal = [47,'date_too_late','Datum je p\u0159ed nejvy&scaron;&scaron;&iacute;m povolen&yacute;m.'];\n\t\t\t\t\t\tcontactform.push(innerVal);\n\t\t\t\t\t\tvar innerVal = [47,'upload_failed','B\u011bhem nahr&aacute;v&aacute;n&iacute; souboru se vyskytla nezn&aacute;m&aacute; chyba.'];\n\t\t\t\t\t\tcontactform.push(innerVal);\n\t\t\t\t\t\tvar innerVal = [47,'upload_file_type_invalid','Nem&aacute;te dostate\u010dn&eacute; opr&aacute;v\u011bn&iacute; pro nahr&aacute;v&aacute;n&iacute; tohoto typu soubor\u016f.'];\n\t\t\t\t\t\tcontactform.push(innerVal);\n\t\t\t\t\t\tvar innerVal = [47,'upload_file_too_large','Soubor je p\u0159&iacute;li&scaron; velk&yacute;.'];\n\t\t\t\t\t\tcontactform.push(innerVal);\n\t\t\t\t\t\tvar innerVal = [47,'upload_failed_php_error','P\u0159i nahr&aacute;v&aacute;n&iacute; souboru do&scaron;lo k chyb\u011b.'];\n\t\t\t\t\t\tcontactform.push(innerVal);\n\t\t\t\t\t\tvar innerVal = [47,'invalid_number','Form&aacute;t \u010d&iacute;sla je neplatn&yacute;.'];\n\t\t\t\t\t\tcontactform.push(innerVal);\n\t\t\t\t\t\tvar innerVal = [47,'number_too_small','\u010c&iacute;slo je ni\u017e&scaron;&iacute;, ne\u017e minim&aacute;ln&iacute; povolen&aacute; hodnota.'];\n\t\t\t\t\t\tcontactform.push(innerVal);\n\t\t\t\t\t\tvar innerVal = [47,'number_too_large','\u010c&iacute;slo je vy&scaron;&scaron;&iacute;, ne\u017e maxim&aacute;ln&iacute; povolen&aacute; hodnota.'];\n\t\t\t\t\t\tcontactform.push(innerVal);\n\t\t\t\t\t\tvar innerVal = [47,'quiz_answer_not_correct','Odpov\u011b\u010f na kv&iacute;z je chybn&aacute;.'];\n\t\t\t\t\t\tcontactform.push(innerVal);\n\t\t\t\t\t\tvar innerVal = [47,'captcha_not_match','Vlo\u017een&yacute; k&oacute;d nen&iacute; spr&aacute;vn&yacute;.'];\n\t\t\t\t\t\tcontactform.push(innerVal);\n\t\t\t\t\t\tvar innerVal = [47,'invalid_email','Zadan&aacute; e-mailov&aacute; adresa je neplatn&aacute;.'];\n\t\t\t\t\t\tcontactform.push(innerVal);\n\t\t\t\t\t\tvar innerVal = [47,'invalid_url','Zadan&aacute; URL adresa je neplatn&aacute;.'];\n\t\t\t\t\t\tcontactform.push(innerVal);\n\t\t\t\t\t\tvar innerVal = [47,'invalid_tel','Zadan&eacute; telefonn&iacute; \u010d&iacute;slo je neplatn&eacute;.'];\n\t\t\t\t\t\tcontactform.push(innerVal);\n\t\t\t\t\t\tvar innerVal = [47,'gdpr',''];\n\t\t\t\t\t\tcontactform.push(innerVal);\n\t\t\t\t\t\t<\/script><div class=\"wpcf7-response-output wpcf7-display-none\"><\/div><\/form><\/div><\/div><div class=\"wpb_column col-md-3\"><\/div><\/div><\/section><section  class=\"content-section full-width with-col cover rella-no-padding rella-no-margin    content-section-69ef35dba13bb\"><div class=\"row vc_row-fluid\"><div class=\"wpb_column col-md-12\"><\/div><\/div><\/section>\n","protected":false},"excerpt":{"rendered":"[vc_empty_space height=\"90px\"] Jm\u00e9no a P\u0159\u00edjmen\u00ed: E-mail: Nej\u010derstv\u011bj\u0161\u00ed sezonn\u00ed kv\u011btin predplatit na: ---3 m\u011bs\u00edce6 m\u011bs\u00edc\u016f12 m\u011bs\u00edc\u016f \u010cerstv\u00e9 kv\u011btiny do Va\u0161eho domova nebo kancel\u00e1\u0159e v hodnot\u011b: ---199,-499,- (doprava zdarma Praha 6)999,- (doprava zdarma) Kv\u011btiny chci doru\u010dit: ---Pond\u011bl\u00ed dopoledne (9-11)P\u00e1tek odpoledne (16-18)Kv\u011btiny si vyzvednu osobn\u011b Na adresu: Kv\u011btiny si p\u0159evezme Zastihneme V\u00e1s na tel. \u010d\u00edsle: Pozn\u00e1mka: napr. kv\u011btiny","protected":false},"author":1,"featured_media":0,"parent":0,"menu_order":0,"comment_status":"closed","ping_status":"closed","template":"","meta":{"footnotes":""},"class_list":["post-3885","page","type-page","status-publish","hentry"],"_links":{"self":[{"href":"https:\/\/www.kvetinynaorechovce.cz\/cz\/wp-json\/wp\/v2\/pages\/3885","targetHints":{"allow":["GET"]}}],"collection":[{"href":"https:\/\/www.kvetinynaorechovce.cz\/cz\/wp-json\/wp\/v2\/pages"}],"about":[{"href":"https:\/\/www.kvetinynaorechovce.cz\/cz\/wp-json\/wp\/v2\/types\/page"}],"author":[{"embeddable":true,"href":"https:\/\/www.kvetinynaorechovce.cz\/cz\/wp-json\/wp\/v2\/users\/1"}],"replies":[{"embeddable":true,"href":"https:\/\/www.kvetinynaorechovce.cz\/cz\/wp-json\/wp\/v2\/comments?post=3885"}],"version-history":[{"count":15,"href":"https:\/\/www.kvetinynaorechovce.cz\/cz\/wp-json\/wp\/v2\/pages\/3885\/revisions"}],"predecessor-version":[{"id":4169,"href":"https:\/\/www.kvetinynaorechovce.cz\/cz\/wp-json\/wp\/v2\/pages\/3885\/revisions\/4169"}],"wp:attachment":[{"href":"https:\/\/www.kvetinynaorechovce.cz\/cz\/wp-json\/wp\/v2\/media?parent=3885"}],"curies":[{"name":"wp","href":"https:\/\/api.w.org\/{rel}","templated":true}]}}