{"id":3877,"date":"2018-08-21T11:53:24","date_gmt":"2018-08-21T11:53:24","guid":{"rendered":"https:\/\/www.kvetinynaorechovce.cz\/?page_id=3877"},"modified":"2018-10-24T07:46:12","modified_gmt":"2018-10-24T07:46:12","slug":"jak-to-funguje","status":"publish","type":"page","link":"https:\/\/www.kvetinynaorechovce.cz\/cz\/jak-to-funguje\/","title":{"rendered":"Jak to funguje?"},"content":{"rendered":"<section  class=\"content-section full-width with-col cover rella-no-padding rella-no-margin    content-section-69ef5f4bba533\"><div class=\"row vc_row-fluid\"><div class=\"wpb_column col-md-12\">[vc_empty_space height=&#8221;85px&#8221;]<\/div><\/div><\/section><section  class=\"content-section full-width with-col cover rella-no-padding rella-no-margin    content-section-69ef5f4bba5ee\"><div class=\"row vc_row-fluid\"><div class=\"wpb_column col-md-12\"><div class=\"section-text text-block align-center\" ><h2 style=\"text-align: left\">Co je kv\u011btinov\u00e9 p\u0159edplatn\u00e9?<\/h2>\n<p style=\"text-align: left\">Je to velmi pohodln\u00fd zp\u016fsob nakupov\u00e1n\u00ed kv\u011btin, proto\u017ee se o v\u0161e postar\u00e1me my.<br \/>\nKv\u011btiny pro V\u00e1s pe\u010dliv\u011b vybereme, zabal\u00edme a doru\u010d\u00edme na Va\u0161i adresu.<br \/>\nNemus\u00edte ji\u017e na nic myslet, proto\u017ee kv\u011btiny budeme doru\u010dovat pravideln\u011b bez<br \/>\nobjedn\u00e1n\u00ed po dobu trv\u00e1n\u00ed kv\u011btinov\u00e9ho p\u0159edplatn\u00e9ho p\u0159edplatn\u00e9ho. V\u017edy V\u00e1m<br \/>\nza\u0161leme druhy kv\u011btin, kter\u00e9 jsou pro dan\u00e9 obdob\u00ed aktu\u00e1ln\u00ed a trendy. T\u00edm, \u017ee jsou<br \/>\npr\u00e1v\u011b v sez\u00f3n\u011b znamen\u00e1, \u017ee maj\u00ed ni\u017e\u0161\u00ed cenu, o to pak dostanete v\u00edce kv\u011btin ve<br \/>\nzvolen\u00e9 \u010d\u00e1stce.<\/p>\n<p>&nbsp;<\/p>\n<h2 style=\"text-align: left\">Z\u00e1ruka \u010derstvosti.<\/h2>\n<p style=\"text-align: left\">Pro p\u0159edplatitele vyb\u00edr\u00e1me pouze nej\u010derstv\u011bj\u0161\u00ed kv\u011bty, kter\u00e9 n\u00e1m voz\u00ed dodavatel p\u0159\u00edmo<br \/>\nz holandsk\u00e9 burzy. \u010cerstvost a kvalita jsou pro n\u00e1s dv\u011b nejd\u016fle\u017eit\u011bj\u0161\u00ed hodnoty.<br \/>\nP\u0159esv\u011b\u010dte se sami!<\/p>\n<p>&nbsp;<\/p>\n<h2 style=\"text-align: left\">Pl\u00e1nujete dovolenou?<\/h2>\n<p style=\"text-align: left\">Jednodu\u0161e n\u00e1m napiste emai, kdy nebudete k zasti\u017een\u00ed a my V\u00e1m v dob\u011b Va\u0161i<br \/>\nnep\u0159\u00edtomnosti kv\u011btiny doru\u010dovat nebudeme. Velkou v\u00fdhodou pak je, \u017ee V\u00e1m o dobu<br \/>\nVa\u0161i nep\u0159\u00edtomnosti p\u0159edplatn\u00e9 prodlou\u017e\u00edme!<\/p>\n<p>&nbsp;<\/p>\n<h2 style=\"text-align: left\">Nejste fanou\u0161ci n\u011bkter\u00fdch druh\u016f, nebo barev?<\/h2>\n<p style=\"text-align: left\">Kv\u011bty pro V\u00e1s vybereme sami, podle na\u0161\u00ed kreativity a hlavn\u011b podle aktu\u00e1ln\u00ed sez\u00f3ny.<br \/>\nPokud V\u00e1m v\u0161ak n\u011bjak\u00e9 druhy ned\u011blaj\u00ed radost, nebo se V\u00e1m jednodu\u0161e nel\u00edb\u00ed<br \/>\nkonkr\u00e9tn\u00ed barva, tak n\u00e1m to uve\u010fte do pozn\u00e1mky. Budeme pak sezn\u00e1meni s t\u00edm, co<br \/>\nV\u00e1m ud\u011bl\u00e1 nejv\u011bt\u0161\u00ed radost.<\/p>\n<\/div><div  class=\"mb-10\"><a href=\"https:\/\/www.kvetinynaorechovce.cz\/chci-objednat\/\" title=\"Chci p\u0159edplatit\" target=\"_self\" class=\"btn btn-custom-69ef5f4bba9a5 btn-mod  btn-small btn-solid btn-round\"> CHCI P\u0158EDPLATIT <\/a><\/div><\/div><\/div><\/section><section  class=\"content-section full-width with-col cover rella-no-padding rella-no-margin    content-section-69ef5f4bba9da\"><div class=\"row vc_row-fluid\"><div class=\"wpb_column col-md-12\">[vc_gallery type=&#8221;image_grid&#8221; images=&#8221;3818,3819,3820,3821,3734,3822,3823,3824,3825,3826,3827,3828,3829,3830,3831,3832&#8243; img_size=&#8221;300px&#8221;]<\/div><\/div><\/section>\n","protected":false},"excerpt":{"rendered":"[vc_empty_space height=\"85px\"]Co je kv\u011btinov\u00e9 p\u0159edplatn\u00e9? Je to velmi pohodln\u00fd zp\u016fsob nakupov\u00e1n\u00ed kv\u011btin, proto\u017ee se o v\u0161e postar\u00e1me my. Kv\u011btiny pro V\u00e1s pe\u010dliv\u011b vybereme, zabal\u00edme a doru\u010d\u00edme na Va\u0161i adresu. Nemus\u00edte ji\u017e na nic myslet, proto\u017ee kv\u011btiny budeme doru\u010dovat pravideln\u011b bez objedn\u00e1n\u00ed po dobu trv\u00e1n\u00ed kv\u011btinov\u00e9ho p\u0159edplatn\u00e9ho p\u0159edplatn\u00e9ho. V\u017edy V\u00e1m za\u0161leme druhy kv\u011btin, kter\u00e9 jsou pro","protected":false},"author":1,"featured_media":0,"parent":0,"menu_order":0,"comment_status":"closed","ping_status":"closed","template":"","meta":{"footnotes":""},"class_list":["post-3877","page","type-page","status-publish","hentry"],"_links":{"self":[{"href":"https:\/\/www.kvetinynaorechovce.cz\/cz\/wp-json\/wp\/v2\/pages\/3877","targetHints":{"allow":["GET"]}}],"collection":[{"href":"https:\/\/www.kvetinynaorechovce.cz\/cz\/wp-json\/wp\/v2\/pages"}],"about":[{"href":"https:\/\/www.kvetinynaorechovce.cz\/cz\/wp-json\/wp\/v2\/types\/page"}],"author":[{"embeddable":true,"href":"https:\/\/www.kvetinynaorechovce.cz\/cz\/wp-json\/wp\/v2\/users\/1"}],"replies":[{"embeddable":true,"href":"https:\/\/www.kvetinynaorechovce.cz\/cz\/wp-json\/wp\/v2\/comments?post=3877"}],"version-history":[{"count":14,"href":"https:\/\/www.kvetinynaorechovce.cz\/cz\/wp-json\/wp\/v2\/pages\/3877\/revisions"}],"predecessor-version":[{"id":4166,"href":"https:\/\/www.kvetinynaorechovce.cz\/cz\/wp-json\/wp\/v2\/pages\/3877\/revisions\/4166"}],"wp:attachment":[{"href":"https:\/\/www.kvetinynaorechovce.cz\/cz\/wp-json\/wp\/v2\/media?parent=3877"}],"curies":[{"name":"wp","href":"https:\/\/api.w.org\/{rel}","templated":true}]}}