{"id":3073,"date":"2016-08-24T06:23:52","date_gmt":"2016-08-24T06:23:52","guid":{"rendered":"http:\/\/rhythmwp.staging.wpengine.com\/presto\/?page_id=2"},"modified":"2026-04-01T14:42:58","modified_gmt":"2026-04-01T14:42:58","slug":"home","status":"publish","type":"page","link":"https:\/\/www.kvetinynaorechovce.cz\/cz\/","title":{"rendered":"\u00davod"},"content":{"rendered":"<section  class=\"content-section full-width is-fluid cover rella-no-padding rella-no-margin   bg-scroll  content-section-69ecb1c20b193\"><div class=\"row vc_row-fluid\"><div class=\"wpb_column col-md-12\"><div  class=\"bg-dark relative\"><div class=\"fullwidth-gallery\" ><section class=\"home-section bg-scroll \" data-background=\"https:\/\/www.kvetinynaorechovce.cz\/wp-content\/uploads\/2018\/06\/6OPSD59RS_1.png\"><div class=\"js-height-full\"><\/div><\/section><section class=\"home-section bg-scroll \" data-background=\"https:\/\/www.kvetinynaorechovce.cz\/wp-content\/uploads\/2017\/11\/flowershop-0007.jpg\"><div class=\"js-height-full\"><\/div><\/section><section class=\"home-section bg-scroll \" data-background=\"https:\/\/www.kvetinynaorechovce.cz\/wp-content\/uploads\/2017\/12\/P1130097.jpg\"><div class=\"js-height-full\"><\/div><\/section><section class=\"home-section bg-scroll \" data-background=\"https:\/\/www.kvetinynaorechovce.cz\/wp-content\/uploads\/2018\/01\/IMG_7914-scaled.jpg\"><div class=\"js-height-full\"><\/div><\/section><section class=\"home-section bg-scroll \" data-background=\"https:\/\/www.kvetinynaorechovce.cz\/wp-content\/uploads\/2017\/11\/flowershop-0041.jpg\"><div class=\"js-height-full\"><\/div><\/section><section class=\"home-section bg-scroll \" data-background=\"https:\/\/www.kvetinynaorechovce.cz\/wp-content\/uploads\/2017\/11\/flowershop-0078.jpg\"><div class=\"js-height-full\"><\/div><\/section><section class=\"home-section bg-scroll \" data-background=\"https:\/\/www.kvetinynaorechovce.cz\/wp-content\/uploads\/2018\/06\/0023_Zofin_4016-1.jpg\"><div class=\"js-height-full\"><\/div><\/section><section class=\"home-section bg-scroll \" data-background=\"https:\/\/www.kvetinynaorechovce.cz\/wp-content\/uploads\/2018\/08\/kvetiny-na-orechovce-venec-scaled.jpg\"><div class=\"js-height-full\"><\/div><\/section><section class=\"home-section bg-scroll \" data-background=\"https:\/\/www.kvetinynaorechovce.cz\/wp-content\/uploads\/2017\/12\/IMG_5814.jpg\"><div class=\"js-height-full\"><\/div><\/section><section class=\"home-section bg-scroll \" data-background=\"https:\/\/www.kvetinynaorechovce.cz\/wp-content\/uploads\/2018\/06\/0004_Zofin_4032.jpg\"><div class=\"js-height-full\"><\/div><\/section><section class=\"home-section bg-scroll \" data-background=\"https:\/\/www.kvetinynaorechovce.cz\/wp-content\/uploads\/2018\/06\/0031_Zofin_4064-1.jpg\"><div class=\"js-height-full\"><\/div><\/section><section class=\"home-section bg-scroll \" data-background=\"https:\/\/www.kvetinynaorechovce.cz\/wp-content\/uploads\/2022\/03\/0032_Zofin_4253.jpg\"><div class=\"js-height-full\"><\/div><\/section><section class=\"home-section bg-scroll \" data-background=\"https:\/\/www.kvetinynaorechovce.cz\/wp-content\/uploads\/2022\/03\/0020_Zofin_4055.jpg\"><div class=\"js-height-full\"><\/div><\/section><\/div><div class=\"js-height-full fullwidth-galley-content\"><div class=\"home-content container\"><div class=\"home-text\"><div class=\"hs-line-18 no-transp font-alt mb-40 mb-xs-20\" style=\"color:#ffffff;\">FLOWERDESIGN SHOP<\/div><div class=\"hs-line-19 mb-50 mb-xs-30\" style=\"color:#ffffff;\">P\u0158ED VELIKONOCEMI OTEV\u0158ENO DO \u010cTVRTKA 2.4 9.00-18.00<\/div><\/div><\/div><div class=\"local-scroll\"><a href=\"#about\" title=\"button\" target=\"_self\" class=\"scroll-down scroll-down-style2\"><i class=\"fa fa-angle-down scroll-down-icon\"><\/i><\/a><\/div><\/div><\/div><\/div><\/div><\/section><section  class=\"content-section full-width is-fluid cover rella-no-padding rella-no-margin    content-section-69ecb1c20d585\"><div class=\"row vc_row-fluid\"><div class=\"wpb_column col-md-12\">[vc_empty_space]<\/div><\/div><\/section><section  class=\"content-section full-width with-col cover rella-no-padding rella-no-margin    content-section-69ecb1c20d6a3\"><div class=\"row vc_row-fluid\"><div class=\"wpb_column col-md-12\"><\/div><\/div><\/section><section  class=\"content-section full-width with-col cover rella-no-padding rella-no-margin    content-section-69ecb1c20d701\"><div class=\"row vc_row-fluid\"><div class=\"wpb_column col-md-12\">[vc_masonry_grid post_type=&#8221;portfolio&#8221; max_items=&#8221;-1&#8243; element_width=&#8221;6&#8243; gap=&#8221;20&#8243; item=&#8221;3794&#8243; initial_loading_animation=&#8221;fadeIn&#8221; grid_id=&#8221;vc_gid:1775054048873-1999e01c0e6e06a1d7bc21a3083d4a47-10&#8243;]<div class=\"section-text text-block align-center\" ><p style=\"text-align: center\"><span style=\"color: #000000\"><strong>KONTAKT:<br \/>\nTel: +420 733 600 189\/ objedn\u00e1vky, obchod<\/strong><\/span><span style=\"color: #000000\"><br \/>\n<\/span><strong><span style=\"color: #000000\">Tel: +420 777 875 176\/ Daniela Sedlisk\u00e1 \/ majitel, pl\u00e1nov\u00e1n\u00ed kv\u011btin na eventy, <span>speci\u00e1ln\u00ed<\/span> objedn\u00e1vky<\/span><br \/>\n<\/strong><\/p>\n<p style=\"text-align: center\"><span style=\"color: #000000\"><a href=\"mailto:prague.flowerdesign@gmail.com\">prague.flowerdesign@gmail.com<\/a><\/span><\/p>\n<p style=\"text-align: center\"><span style=\"color: #000000\"><a href=\"mailto:shop@flowerdesign.cz\">daniela.flowerdesign@gmail.com<\/a><\/span><\/p>\n<\/div><\/div><\/div><\/section><section  class=\"content-section full-width is-fluid cover rella-no-padding mt-70 mb-70 mt-xs-50 mb-xs-50    content-section-69ecb1c20dcc8\"><div class=\"row vc_row-fluid\"><div class=\"wpb_column col-md-12 align-center\">[vc_gmaps link=&#8221;#E-8_JTNDaWZyYW1lJTIwc3JjJTNEJTIyaHR0cHMlM0ElMkYlMkZ3d3cuZ29vZ2xlLmNvbSUyRm1hcHMlMkZlbWJlZCUzRnBiJTNEJTIxMW0xOCUyMTFtMTIlMjExbTMlMjExZDE1OS45NzA0MjEzNjcwMjM3NiUyMTJkMTQuMzgxMDA3NzQzNDE2Njg1JTIxM2Q1MC4wOTUxNDY5NDQ4NTY1MTYlMjEybTMlMjExZjAlMjEyZjAlMjEzZjAlMjEzbTIlMjExaTEwMjQlMjEyaTc2OCUyMTRmMTMuMSUyMTNtMyUyMTFtMiUyMTFzMHgwJTI1M0EweDllMzgwOWE3ZjEwZTBkNTclMjEyelMzYkVtM1JwYm1IRm1YTjBkc090SUU1aElFX0ZtV1ZqYUc5MlkyVXZJRVpzYjNkbGNtUmxjMmxuYmlCVGFHOXclMjE1ZTAlMjEzbTIlMjExc2NzJTIxMnNjeiUyMTR2MTUxMDMyODQyNDIyMyUyMiUyMHdpZHRoJTNEJTIyNjAwJTIyJTIwaGVpZ2h0JTNEJTIyNDUwJTIyJTIwZnJhbWVib3JkZXIlM0QlMjIwJTIyJTIwc3R5bGUlM0QlMjJib3JkZXIlM0EwJTIyJTIwYWxsb3dmdWxsc2NyZWVuJTNFJTNDJTJGaWZyYW1lJTNF&#8221;]<\/div><\/div><\/section><section  class=\"content-section full-width with-col cover rella-no-padding rella-no-margin    content-section-69ecb1c20dd71\"><div class=\"row vc_row-fluid\"><div class=\"wpb_column col-md-12\"><div class=\"section-text text-block align-center\" ><p style=\"text-align: center\">Otev\u00edrac\u00ed doba:<\/p>\n<p style=\"text-align: center\"><strong>V LEDNU A UNORU M\u00c1ME ZAV\u0158ENO, OTEV\u0158ENO POUZE 13.2 9.00-18.00, 14.2 9.00-16.00<\/strong><\/p>\n<p style=\"text-align: center\"><strong>\u00a0NEBO V JIN\u00c9 DNY JE MO\u017dNO KV\u011aTINU\/ DEKORACI DOP\u0158EDU OBJEDNAT<\/strong><\/p>\n<p><strong>\u00a0 \u00a0 \u00a0 \u00a0 \u00a0 \u00a0 \u00a0 \u00a0 \u00a0 \u00a0 \u00a0 \u00a0 \u00a0 \u00a0 \u00a0 \u00a0 \u00a0 \u00a0 \u00a0 \u00a0 \u00a0 \u00a0 \u00a0 \u00a0 \u00a0 \u00a0 \u00a0 \u00a0 \u00a0 \u00a0 \u00a0 \u00a0 \u00a0 \u00a0 \u00a0 \u00a0 \u00a0 \u00a0 \u00a0 \u00a0 \u00a0 \u00a0 \u00a0 \u00a0 \u00a0 \u00a0 \u00a0 \u00a0 \u00a0 \u00a0 \u00a0 \u00a0 \u00a0 \u00a0 \u00a0 \u00a0 \u00a0 \u00a0 \u00a0 \u00a0 \u00a0 \u00a0 \u00a0 \u00a0 \u00a0 \u00a0 \u00a0 \u00a0 \u00a0 \u00a0<\/strong><\/p>\n<\/div><\/div><\/div><\/section><section  class=\"content-section full-width with-col cover rella-no-padding rella-no-margin    content-section-69ecb1c20df2c\"><div class=\"row vc_row-fluid\"><div class=\"wpb_column col-md-12\"><\/div><\/div><\/section>\n","protected":false},"excerpt":{"rendered":"FLOWERDESIGN SHOPP\u0158ED VELIKONOCEMI OTEV\u0158ENO DO \u010cTVRTKA 2.4 9.00-18.00[vc_empty_space][vc_masonry_grid post_type=\"portfolio\" max_items=\"-1\" element_width=\"6\" gap=\"20\" item=\"3794\" initial_loading_animation=\"fadeIn\" grid_id=\"vc_gid:1775054048873-1999e01c0e6e06a1d7bc21a3083d4a47-10\"]KONTAKT: Tel: +420 733 600 189\/ objedn\u00e1vky, obchod Tel: +420 777 875 176\/ Daniela Sedlisk\u00e1 \/ majitel, pl\u00e1nov\u00e1n\u00ed kv\u011btin na eventy, speci\u00e1ln\u00ed objedn\u00e1vky prague.flowerdesign@gmail.com daniela.flowerdesign@gmail.com [vc_gmaps link=\"#E-8_JTNDaWZyYW1lJTIwc3JjJTNEJTIyaHR0cHMlM0ElMkYlMkZ3d3cuZ29vZ2xlLmNvbSUyRm1hcHMlMkZlbWJlZCUzRnBiJTNEJTIxMW0xOCUyMTFtMTIlMjExbTMlMjExZDE1OS45NzA0MjEzNjcwMjM3NiUyMTJkMTQuMzgxMDA3NzQzNDE2Njg1JTIxM2Q1MC4wOTUxNDY5NDQ4NTY1MTYlMjEybTMlMjExZjAlMjEyZjAlMjEzZjAlMjEzbTIlMjExaTEwMjQlMjEyaTc2OCUyMTRmMTMuMSUyMTNtMyUyMTFtMiUyMTFzMHgwJTI1M0EweDllMzgwOWE3ZjEwZTBkNTclMjEyelMzYkVtM1JwYm1IRm1YTjBkc090SUU1aElFX0ZtV1ZqYUc5MlkyVXZJRVpzYjNkbGNtUmxjMmxuYmlCVGFHOXclMjE1ZTAlMjEzbTIlMjExc2NzJTIxMnNjeiUyMTR2MTUxMDMyODQyNDIyMyUyMiUyMHdpZHRoJTNEJTIyNjAwJTIyJTIwaGVpZ2h0JTNEJTIyNDUwJTIyJTIwZnJhbWVib3JkZXIlM0QlMjIwJTIyJTIwc3R5bGUlM0QlMjJib3JkZXIlM0EwJTIyJTIwYWxsb3dmdWxsc2NyZWVuJTNFJTNDJTJGaWZyYW1lJTNF\"]Otev\u00edrac\u00ed doba: V LEDNU A UNORU M\u00c1ME ZAV\u0158ENO, OTEV\u0158ENO POUZE 13.2 9.00-18.00, 14.2 9.00-16.00 \u00a0NEBO","protected":false},"author":1,"featured_media":0,"parent":0,"menu_order":0,"comment_status":"closed","ping_status":"closed","template":"","meta":{"footnotes":""},"class_list":["post-3073","page","type-page","status-publish","hentry"],"_links":{"self":[{"href":"https:\/\/www.kvetinynaorechovce.cz\/cz\/wp-json\/wp\/v2\/pages\/3073","targetHints":{"allow":["GET"]}}],"collection":[{"href":"https:\/\/www.kvetinynaorechovce.cz\/cz\/wp-json\/wp\/v2\/pages"}],"about":[{"href":"https:\/\/www.kvetinynaorechovce.cz\/cz\/wp-json\/wp\/v2\/types\/page"}],"author":[{"embeddable":true,"href":"https:\/\/www.kvetinynaorechovce.cz\/cz\/wp-json\/wp\/v2\/users\/1"}],"replies":[{"embeddable":true,"href":"https:\/\/www.kvetinynaorechovce.cz\/cz\/wp-json\/wp\/v2\/comments?post=3073"}],"version-history":[{"count":334,"href":"https:\/\/www.kvetinynaorechovce.cz\/cz\/wp-json\/wp\/v2\/pages\/3073\/revisions"}],"predecessor-version":[{"id":4819,"href":"https:\/\/www.kvetinynaorechovce.cz\/cz\/wp-json\/wp\/v2\/pages\/3073\/revisions\/4819"}],"wp:attachment":[{"href":"https:\/\/www.kvetinynaorechovce.cz\/cz\/wp-json\/wp\/v2\/media?parent=3073"}],"curies":[{"name":"wp","href":"https:\/\/api.w.org\/{rel}","templated":true}]}}