{"id":2213,"date":"2015-04-06T11:30:59","date_gmt":"2015-04-06T11:30:59","guid":{"rendered":"http:\/\/rhythmwp.staging.wpengine.com\/?page_id=2213"},"modified":"2020-04-02T20:32:21","modified_gmt":"2020-04-02T20:32:21","slug":"blog-4-columns","status":"publish","type":"page","link":"https:\/\/www.kvetinynaorechovce.cz\/cz\/blog-4-columns\/","title":{"rendered":"Blog 4 Columns"},"content":{"rendered":"<section  class=\"content-section full-width with-col cover rella-no-padding rella-no-margin    content-section-69f28f2845426\"><div class=\"row vc_row-fluid\"><div class=\"wpb_column col-md-12\">\t\t<div class=\"woocommerce \">\n\t\t\t<div class=\"row multi-columns-row\">\n\t\t\t\t\t\t\t<!-- Shop Item -->\n\t\t\t\t<div class=\"col-md-3 col-lg-3 mb-60 mb-xs-40\">\n\n\n\t\n\t<div class=\"post-prev-img\">\n\t\t<a href=\"https:\/\/www.kvetinynaorechovce.cz\/cz\/produkt\/lucni-mini\/\"><img loading=\"lazy\" decoding=\"async\" width=\"350\" height=\"435\" src=\"https:\/\/www.kvetinynaorechovce.cz\/wp-content\/uploads\/2020\/04\/lucni-mini-350x435.jpg\" class=\"attachment-woocommerce_thumbnail size-woocommerce_thumbnail\" alt=\"\" \/><\/a>\n\t\t\t<\/div>\n\n\t<div class=\"post-prev-title font-alt align-center\">\n\t\t<a href=\"https:\/\/www.kvetinynaorechovce.cz\/cz\/produkt\/lucni-mini\/\">Lu\u010dn\u00ed mini<\/a>\n\t<\/div>\n\n\t\n\t<div class=\"post-prev-more align-center\">\n\t\t\t<\/div>\n\t\n<\/div>\t\t\t\t<!-- End Shop Item -->\n\t\t\t\t\t\t<!-- Shop Item -->\n\t\t\t\t<div class=\"col-md-3 col-lg-3 mb-60 mb-xs-40\">\n\n\n\t\n\t<div class=\"post-prev-img\">\n\t\t<a href=\"https:\/\/www.kvetinynaorechovce.cz\/cz\/produkt\/radost\/\"><img loading=\"lazy\" decoding=\"async\" width=\"350\" height=\"435\" src=\"https:\/\/www.kvetinynaorechovce.cz\/wp-content\/uploads\/2020\/04\/radost-350x435.jpg\" class=\"attachment-woocommerce_thumbnail size-woocommerce_thumbnail\" alt=\"\" \/><\/a>\n\t\t\t<\/div>\n\n\t<div class=\"post-prev-title font-alt align-center\">\n\t\t<a href=\"https:\/\/www.kvetinynaorechovce.cz\/cz\/produkt\/radost\/\">Radost<\/a>\n\t<\/div>\n\n\t\n\t<div class=\"post-prev-more align-center\">\n\t\t\t<\/div>\n\t\n<\/div>\t\t\t\t<!-- End Shop Item -->\n\t\t\t\t\t\t<!-- Shop Item -->\n\t\t\t\t<div class=\"col-md-3 col-lg-3 mb-60 mb-xs-40\">\n\n\n\t\n\t<div class=\"post-prev-img\">\n\t\t<a href=\"https:\/\/www.kvetinynaorechovce.cz\/cz\/produkt\/1\/\"><img loading=\"lazy\" decoding=\"async\" width=\"350\" height=\"435\" src=\"https:\/\/www.kvetinynaorechovce.cz\/wp-content\/uploads\/2020\/04\/bile-ruze-350x435.jpg\" class=\"attachment-woocommerce_thumbnail size-woocommerce_thumbnail\" alt=\"\" \/><\/a>\n\t\t\t<\/div>\n\n\t<div class=\"post-prev-title font-alt align-center\">\n\t\t<a href=\"https:\/\/www.kvetinynaorechovce.cz\/cz\/produkt\/1\/\">B\u00edl\u00e9 r\u016f\u017ee<\/a>\n\t<\/div>\n\n\t\n\t<div class=\"post-prev-more align-center\">\n\t\t\t<\/div>\n\t\n<\/div>\t\t\t\t<!-- End Shop Item -->\n\t\t\t\t\t\t<!-- Shop Item -->\n\t\t\t\t<div class=\"col-md-3 col-lg-3 mb-60 mb-xs-40\">\n\n\n\t\n\t<div class=\"post-prev-img\">\n\t\t<a href=\"https:\/\/www.kvetinynaorechovce.cz\/cz\/produkt\/tulipany-mix\/\"><img loading=\"lazy\" decoding=\"async\" width=\"350\" height=\"435\" src=\"https:\/\/www.kvetinynaorechovce.cz\/wp-content\/uploads\/2020\/04\/tulipany-mix-350x435.jpg\" class=\"attachment-woocommerce_thumbnail size-woocommerce_thumbnail\" alt=\"\" \/><\/a>\n\t\t\t<\/div>\n\n\t<div class=\"post-prev-title font-alt align-center\">\n\t\t<a href=\"https:\/\/www.kvetinynaorechovce.cz\/cz\/produkt\/tulipany-mix\/\">Tulip\u00e1ny mix<\/a>\n\t<\/div>\n\n\t\n\t<div class=\"post-prev-more align-center\">\n\t\t\t<\/div>\n\t\n<\/div>\t\t\t\t<!-- End Shop Item -->\n\t\t<\/div>\t\t<\/div>\n\t<\/div><\/div><\/section>\n","protected":false},"excerpt":{"rendered":"","protected":false},"author":1,"featured_media":0,"parent":0,"menu_order":0,"comment_status":"closed","ping_status":"closed","template":"page-templates\/blog-columns.php","meta":{"footnotes":""},"class_list":["post-2213","page","type-page","status-publish","hentry"],"_links":{"self":[{"href":"https:\/\/www.kvetinynaorechovce.cz\/cz\/wp-json\/wp\/v2\/pages\/2213","targetHints":{"allow":["GET"]}}],"collection":[{"href":"https:\/\/www.kvetinynaorechovce.cz\/cz\/wp-json\/wp\/v2\/pages"}],"about":[{"href":"https:\/\/www.kvetinynaorechovce.cz\/cz\/wp-json\/wp\/v2\/types\/page"}],"author":[{"embeddable":true,"href":"https:\/\/www.kvetinynaorechovce.cz\/cz\/wp-json\/wp\/v2\/users\/1"}],"replies":[{"embeddable":true,"href":"https:\/\/www.kvetinynaorechovce.cz\/cz\/wp-json\/wp\/v2\/comments?post=2213"}],"version-history":[{"count":2,"href":"https:\/\/www.kvetinynaorechovce.cz\/cz\/wp-json\/wp\/v2\/pages\/2213\/revisions"}],"predecessor-version":[{"id":4338,"href":"https:\/\/www.kvetinynaorechovce.cz\/cz\/wp-json\/wp\/v2\/pages\/2213\/revisions\/4338"}],"wp:attachment":[{"href":"https:\/\/www.kvetinynaorechovce.cz\/cz\/wp-json\/wp\/v2\/media?parent=2213"}],"curies":[{"name":"wp","href":"https:\/\/api.w.org\/{rel}","templated":true}]}}